{"id":14003,"date":"2026-04-03T03:35:56","date_gmt":"2026-04-03T03:35:56","guid":{"rendered":"https:\/\/buysellexchange.shop\/?post_type=product&#038;p=14003"},"modified":"2026-04-07T02:46:33","modified_gmt":"2026-04-07T02:46:33","slug":"13-pcs-cortapelos-mascotas-para-mascotas-kit-cortapelos-mascotas-para-perros-y-gatos","status":"publish","type":"product","link":"https:\/\/buysellexchange.shop\/es\/producto\/13-pcs-cortapelos-mascotas-para-mascotas-kit-cortapelos-mascotas-para-perros-y-gatos\/","title":{"rendered":"13 PCS Cortapelos Mascotas para Mascotas, Kit Cortapelos Mascotas para Perros y Gatos"},"content":{"rendered":"<p>https:\/\/teal-lobster-750471.hostingersite.com\/wp-content\/uploads\/2026\/03\/video_2026-03-08_14-40-16.mp4<!DOCTYPE html><br \/>\n<html><br \/>\n<body><br \/>\n<!-- \u52a0\u4e0a\u6807\u9898 \"Product Specifications:\" --><\/p>\n<h3 style=\"font-family: Arial, sans-serif; text-align: left; margin-bottom: 10px;\">Especificaciones del producto:<\/h3>\n<p><!-- \u7b80\u6d01\u7684\u4e24\u5217\u5e03\u5c40\uff0c\u5de6\u5bf9\u9f50\uff0c\u5e26\u4e0b\u5212\u7ebf --><br \/>\n    <!-- \u7b2c\u4e00\u884c\uff1a\u6750\u6599 --><br \/>\n        <strong>Material:<\/strong><br \/>\n        ABS, acero inoxidable, cuchilla de cer\u00e1mica<br \/>\n    <!-- \u7b2c\u4e8c\u884c\uff1a\u5145\u7535\u65f6\u95f4 --><br \/>\n        <strong>Tiempo de carga:<\/strong><br \/>\n        Aprox. 2-3 horas<br \/>\n    <!-- \u7b2c\u4e09\u884c\uff1a\u5de5\u4f5c\u65f6\u95f4 --><br \/>\n        <strong>Tiempo de trabajo:<\/strong><br \/>\n        Aprox. 80-90 minutos<br \/>\n    <!-- \u7b2c\u56db\u884c\uff1a\u7535\u538b --><br \/>\n        <strong>Voltaje:<\/strong><br \/>\n        5V (alimentado por USB)<br \/>\n<\/body><br \/>\n<\/html>\t\t<\/p>\n<figure><img loading=\"lazy\" decoding=\"async\" width=\"800\" height=\"800\" src=\"https:\/\/teal-lobster-750471.hostingersite.com\/wp-content\/uploads\/2026\/03\/Sf6faecbc20be4c379058f1bec3afe536g.webp\" alt=\"\" \/><\/figure>\n<h3>PEINES GU\u00cdA AJUSTABLES PARA DIFERENTES ESTILOS<\/h3>\n<p>El set incluye 4 peines gu\u00eda de diferentes longitudes (3mm, 6mm, 9mm y 12mm) que se colocan f\u00e1cilmente en la cuchilla. Podr\u00e1s elegir el largo perfecto para cada parte del cuerpo de tu mascota, desde un corte al ras hasta un acabado m\u00e1s largo y esponjoso.<\/p>\n<figure><img loading=\"lazy\" decoding=\"async\" width=\"2000\" height=\"2000\" src=\"https:\/\/teal-lobster-750471.hostingersite.com\/wp-content\/uploads\/2026\/03\/d9923dcc-c2c8-40f7-b442-9972bfead3aa.b8f2d3c6a1eb22e4c8214d75a95eb9fe.webp\" alt=\"\" \/><\/figure>\n<h3>BATER\u00cdA RECARGABLE DE LARGA DURACI\u00d3N<\/h3>\n<p>Olv\u00eddate de los cables mientras trabajas. Con su bater\u00eda de litio recargable, este cortapelos ofrece hasta 3 horas de autonom\u00eda con una sola carga. El sistema de carga USB te permite cargarlo f\u00e1cilmente en cualquier lugar: en casa, en el coche o incluso con un power bank durante tus viajes.<\/p>\n<figure><img loading=\"lazy\" decoding=\"async\" width=\"800\" height=\"800\" src=\"https:\/\/teal-lobster-750471.hostingersite.com\/wp-content\/uploads\/2026\/03\/Sb28b734cefcd48c49a764d0215e859ccb.webp\" alt=\"\" \/><\/figure>\n<h3>F\u00c1CIL LIMPIEZA - CUCHILLA DESMONTABLE<\/h3>\n<p>La higiene es fundamental en el cuidado de tus mascotas. La cuchilla es desmontable y lavable con agua, lo que facilita una limpieza profunda despu\u00e9s de cada uso. Simplemente ret\u00edrala, enju\u00e1gala y s\u00e9cala para mantener el equipo siempre listo.<\/p>\n<p>\t\t\t\t\t\t\t\t\t\t.<br \/>\n\t\t\t\t\t\t\t<svg aria-hidden=\"true\" viewbox=\"0 0 1000 1000\" xmlns=\"http:\/\/www.w3.org\/2000\/svg\"><path d=\"M646 125C629 125 613 133 604 142L308 442C296 454 292 471 292 487 292 504 296 521 308 533L604 854C617 867 629 875 646 875 663 875 679 871 692 858 704 846 713 829 713 812 713 796 708 779 692 767L438 487 692 225C700 217 708 204 708 187 708 171 704 154 692 142 675 129 663 125 646 125Z\"><\/path><\/svg><br \/>\n\t\t\t\t\t\t\t<svg aria-hidden=\"true\" viewbox=\"0 0 1000 1000\" xmlns=\"http:\/\/www.w3.org\/2000\/svg\"><path d=\"M696 533C708 521 713 504 713 487 713 471 708 454 696 446L400 146C388 133 375 125 354 125 338 125 325 129 313 142 300 154 292 171 292 187 292 204 296 221 308 233L563 492 304 771C292 783 288 800 288 817 288 833 296 850 308 863 321 871 338 875 354 875 371 875 388 867 400 854L696 533Z\"><\/path><\/svg><br \/>\n\t\t\t\t\t\t\t\t\t\t\t\t\t\t\t<img loading=\"lazy\" decoding=\"async\" width=\"1024\" height=\"1024\" src=\"https:\/\/teal-lobster-750471.hostingersite.com\/wp-content\/uploads\/2026\/03\/7a791982-de93-4a60-b8f4-1fa19697da86.e67e40e24235987f3e1e59631eb1e4d2-1-1024x1024.webp\" alt=\"\" srcset=\"https:\/\/teal-lobster-750471.hostingersite.com\/wp-content\/uploads\/2026\/03\/7a791982-de93-4a60-b8f4-1fa19697da86.e67e40e24235987f3e1e59631eb1e4d2-1-1024x1024.webp 1024w, https:\/\/teal-lobster-750471.hostingersite.com\/wp-content\/uploads\/2026\/03\/7a791982-de93-4a60-b8f4-1fa19697da86.e67e40e24235987f3e1e59631eb1e4d2-1-300x300.webp 300w, https:\/\/teal-lobster-750471.hostingersite.com\/wp-content\/uploads\/2026\/03\/7a791982-de93-4a60-b8f4-1fa19697da86.e67e40e24235987f3e1e59631eb1e4d2-1-150x150.webp 150w, https:\/\/teal-lobster-750471.hostingersite.com\/wp-content\/uploads\/2026\/03\/7a791982-de93-4a60-b8f4-1fa19697da86.e67e40e24235987f3e1e59631eb1e4d2-1-768x768.webp 768w, https:\/\/teal-lobster-750471.hostingersite.com\/wp-content\/uploads\/2026\/03\/7a791982-de93-4a60-b8f4-1fa19697da86.e67e40e24235987f3e1e59631eb1e4d2-1-12x12.webp 12w, https:\/\/teal-lobster-750471.hostingersite.com\/wp-content\/uploads\/2026\/03\/7a791982-de93-4a60-b8f4-1fa19697da86.e67e40e24235987f3e1e59631eb1e4d2-1-600x600.webp 600w, https:\/\/teal-lobster-750471.hostingersite.com\/wp-content\/uploads\/2026\/03\/7a791982-de93-4a60-b8f4-1fa19697da86.e67e40e24235987f3e1e59631eb1e4d2-1-100x100.webp 100w, https:\/\/teal-lobster-750471.hostingersite.com\/wp-content\/uploads\/2026\/03\/7a791982-de93-4a60-b8f4-1fa19697da86.e67e40e24235987f3e1e59631eb1e4d2-1-50x50.webp 50w, https:\/\/teal-lobster-750471.hostingersite.com\/wp-content\/uploads\/2026\/03\/7a791982-de93-4a60-b8f4-1fa19697da86.e67e40e24235987f3e1e59631eb1e4d2-1-1x1.webp 1w, https:\/\/teal-lobster-750471.hostingersite.com\/wp-content\/uploads\/2026\/03\/7a791982-de93-4a60-b8f4-1fa19697da86.e67e40e24235987f3e1e59631eb1e4d2-1-10x10.webp 10w, https:\/\/teal-lobster-750471.hostingersite.com\/wp-content\/uploads\/2026\/03\/7a791982-de93-4a60-b8f4-1fa19697da86.e67e40e24235987f3e1e59631eb1e4d2-1.webp 1500w\" sizes=\"auto, (max-width: 1024px) 100vw, 1024px\" \/><br \/>\n\t\t\t\t\t\t\t\t\t\t\t\t\t\t\t<img loading=\"lazy\" decoding=\"async\" width=\"1024\" height=\"1024\" src=\"https:\/\/teal-lobster-750471.hostingersite.com\/wp-content\/uploads\/2026\/03\/31708fca-be4f-4eb5-b61a-4f35985ccb31.ba8be90a67ec4a1ddb92601dc8ea23f3-1-1024x1024.webp\" alt=\"\" srcset=\"https:\/\/teal-lobster-750471.hostingersite.com\/wp-content\/uploads\/2026\/03\/31708fca-be4f-4eb5-b61a-4f35985ccb31.ba8be90a67ec4a1ddb92601dc8ea23f3-1-1024x1024.webp 1024w, https:\/\/teal-lobster-750471.hostingersite.com\/wp-content\/uploads\/2026\/03\/31708fca-be4f-4eb5-b61a-4f35985ccb31.ba8be90a67ec4a1ddb92601dc8ea23f3-1-300x300.webp 300w, https:\/\/teal-lobster-750471.hostingersite.com\/wp-content\/uploads\/2026\/03\/31708fca-be4f-4eb5-b61a-4f35985ccb31.ba8be90a67ec4a1ddb92601dc8ea23f3-1-150x150.webp 150w, https:\/\/teal-lobster-750471.hostingersite.com\/wp-content\/uploads\/2026\/03\/31708fca-be4f-4eb5-b61a-4f35985ccb31.ba8be90a67ec4a1ddb92601dc8ea23f3-1-768x768.webp 768w, https:\/\/teal-lobster-750471.hostingersite.com\/wp-content\/uploads\/2026\/03\/31708fca-be4f-4eb5-b61a-4f35985ccb31.ba8be90a67ec4a1ddb92601dc8ea23f3-1-12x12.webp 12w, https:\/\/teal-lobster-750471.hostingersite.com\/wp-content\/uploads\/2026\/03\/31708fca-be4f-4eb5-b61a-4f35985ccb31.ba8be90a67ec4a1ddb92601dc8ea23f3-1-600x600.webp 600w, https:\/\/teal-lobster-750471.hostingersite.com\/wp-content\/uploads\/2026\/03\/31708fca-be4f-4eb5-b61a-4f35985ccb31.ba8be90a67ec4a1ddb92601dc8ea23f3-1-100x100.webp 100w, https:\/\/teal-lobster-750471.hostingersite.com\/wp-content\/uploads\/2026\/03\/31708fca-be4f-4eb5-b61a-4f35985ccb31.ba8be90a67ec4a1ddb92601dc8ea23f3-1-50x50.webp 50w, https:\/\/teal-lobster-750471.hostingersite.com\/wp-content\/uploads\/2026\/03\/31708fca-be4f-4eb5-b61a-4f35985ccb31.ba8be90a67ec4a1ddb92601dc8ea23f3-1-1x1.webp 1w, https:\/\/teal-lobster-750471.hostingersite.com\/wp-content\/uploads\/2026\/03\/31708fca-be4f-4eb5-b61a-4f35985ccb31.ba8be90a67ec4a1ddb92601dc8ea23f3-1-10x10.webp 10w, https:\/\/teal-lobster-750471.hostingersite.com\/wp-content\/uploads\/2026\/03\/31708fca-be4f-4eb5-b61a-4f35985ccb31.ba8be90a67ec4a1ddb92601dc8ea23f3-1.webp 1500w\" sizes=\"auto, (max-width: 1024px) 100vw, 1024px\" \/><br \/>\n\t\t\t\t\t\t\t\t\t\t\t\t\t\t\t<img loading=\"lazy\" decoding=\"async\" width=\"1024\" height=\"1024\" src=\"https:\/\/teal-lobster-750471.hostingersite.com\/wp-content\/uploads\/2026\/03\/71sssBudCmL._SL1280_-1-1024x1024.jpg\" alt=\"\" srcset=\"https:\/\/teal-lobster-750471.hostingersite.com\/wp-content\/uploads\/2026\/03\/71sssBudCmL._SL1280_-1-1024x1024.jpg 1024w, https:\/\/teal-lobster-750471.hostingersite.com\/wp-content\/uploads\/2026\/03\/71sssBudCmL._SL1280_-1-300x300.jpg 300w, https:\/\/teal-lobster-750471.hostingersite.com\/wp-content\/uploads\/2026\/03\/71sssBudCmL._SL1280_-1-150x150.jpg 150w, https:\/\/teal-lobster-750471.hostingersite.com\/wp-content\/uploads\/2026\/03\/71sssBudCmL._SL1280_-1-768x768.jpg 768w, https:\/\/teal-lobster-750471.hostingersite.com\/wp-content\/uploads\/2026\/03\/71sssBudCmL._SL1280_-1-12x12.jpg 12w, https:\/\/teal-lobster-750471.hostingersite.com\/wp-content\/uploads\/2026\/03\/71sssBudCmL._SL1280_-1-600x600.jpg 600w, https:\/\/teal-lobster-750471.hostingersite.com\/wp-content\/uploads\/2026\/03\/71sssBudCmL._SL1280_-1-100x100.jpg 100w, https:\/\/teal-lobster-750471.hostingersite.com\/wp-content\/uploads\/2026\/03\/71sssBudCmL._SL1280_-1-50x50.jpg 50w, https:\/\/teal-lobster-750471.hostingersite.com\/wp-content\/uploads\/2026\/03\/71sssBudCmL._SL1280_-1-1x1.jpg 1w, https:\/\/teal-lobster-750471.hostingersite.com\/wp-content\/uploads\/2026\/03\/71sssBudCmL._SL1280_-1-10x10.jpg 10w, https:\/\/teal-lobster-750471.hostingersite.com\/wp-content\/uploads\/2026\/03\/71sssBudCmL._SL1280_-1.jpg 1280w\" sizes=\"auto, (max-width: 1024px) 100vw, 1024px\" \/><\/p>","protected":false},"excerpt":{"rendered":"<h2 class=\"a-size-base-plus a-text-bold\">Acerca de este art\u00edculo<\/h2>\n<div class=\"a-expander-collapsed-height a-row a-expander-container a-expander-partial-collapse-container\" data-a-expander-collapsed-height=\"300\">\n<div class=\"a-expander-content a-expander-partial-collapse-content\" data-expanded=\"false\">\n<ul class=\"a-unordered-list a-vertical a-spacing-mini\">\n<li class=\"a-spacing-mini\"><span class=\"a-list-item\">\u3010Ultra-Quiet Design\u3011La herramienta de aseo para mascotas est\u00e1 equipado con precisi\u00f3n y potente motor, baja vibraci\u00f3n, y el dise\u00f1o ultra silencioso liberarlo de ruido de trabajo con s\u00f3lo unos 50 dB para ayudar a la mascota se sienta a gusto y no tiene miedo de corte de pelo m\u00e1s.<\/span><\/li>\n<li class=\"a-spacing-mini\"><span class=\"a-list-item\">\u3010Bater\u00eda recargable incorporada y dise\u00f1o inal\u00e1mbrico\u3011El kit de aseo para mascotas est\u00e1 equipado con un cargador USB. Carga durante cinco horas, puede sostener usos de 70 minutos. Dise\u00f1o liviano e inal\u00e1mbrico para un uso f\u00e1cil, ya no puede molestarse por la molestia de reemplazar las bater\u00edas o los cables aburridos con la recortadora inal\u00e1mbrica.<\/span><\/li>\n<\/ul>\n<\/div>\n<\/div>","protected":false},"featured_media":14004,"comment_status":"open","ping_status":"closed","template":"","meta":{"_acf_changed":false},"etheme_brands":[],"product_brand":[],"product_cat":[118],"product_tag":[],"class_list":{"0":"post-14003","1":"product","2":"type-product","3":"status-publish","4":"has-post-thumbnail","6":"product_cat-sale-shop","8":"first","9":"instock","10":"sale","11":"shipping-taxable","12":"purchasable","13":"product-type-simple"},"acf":[],"_links":{"self":[{"href":"https:\/\/buysellexchange.shop\/es\/wp-json\/wp\/v2\/product\/14003","targetHints":{"allow":["GET"]}}],"collection":[{"href":"https:\/\/buysellexchange.shop\/es\/wp-json\/wp\/v2\/product"}],"about":[{"href":"https:\/\/buysellexchange.shop\/es\/wp-json\/wp\/v2\/types\/product"}],"replies":[{"embeddable":true,"href":"https:\/\/buysellexchange.shop\/es\/wp-json\/wp\/v2\/comments?post=14003"}],"version-history":[{"count":1,"href":"https:\/\/buysellexchange.shop\/es\/wp-json\/wp\/v2\/product\/14003\/revisions"}],"predecessor-version":[{"id":14005,"href":"https:\/\/buysellexchange.shop\/es\/wp-json\/wp\/v2\/product\/14003\/revisions\/14005"}],"wp:featuredmedia":[{"embeddable":true,"href":"https:\/\/buysellexchange.shop\/es\/wp-json\/wp\/v2\/media\/14004"}],"wp:attachment":[{"href":"https:\/\/buysellexchange.shop\/es\/wp-json\/wp\/v2\/media?parent=14003"}],"wp:term":[{"taxonomy":"brand","embeddable":true,"href":"https:\/\/buysellexchange.shop\/es\/wp-json\/wp\/v2\/etheme_brands?post=14003"},{"taxonomy":"product_brand","embeddable":true,"href":"https:\/\/buysellexchange.shop\/es\/wp-json\/wp\/v2\/product_brand?post=14003"},{"taxonomy":"product_cat","embeddable":true,"href":"https:\/\/buysellexchange.shop\/es\/wp-json\/wp\/v2\/product_cat?post=14003"},{"taxonomy":"product_tag","embeddable":true,"href":"https:\/\/buysellexchange.shop\/es\/wp-json\/wp\/v2\/product_tag?post=14003"}],"curies":[{"name":"wp","href":"https:\/\/api.w.org\/{rel}","templated":true}]}}